{"id":225,"date":"2014-02-06T17:05:53","date_gmt":"2014-02-06T17:05:53","guid":{"rendered":"http:\/\/villarrobledo.gestagua.es\/?page_id=225"},"modified":"2022-03-21T11:24:29","modified_gmt":"2022-03-21T11:24:29","slug":"nuestra-factura","status":"publish","type":"page","link":"https:\/\/villarrobledo.gestagua.es\/index.php\/nuestra-factura\/","title":{"rendered":"Nuestra Factura"},"content":{"rendered":"<p>Nuestra Factura tiene un dise\u00f1o tiene un dise\u00f1o accesible y f\u00e1cil de entender, en datos de factura, encontrar\u00e1 la informaci\u00f3n que necesitar\u00e1 darnos para cualquier duda sobre la misma. En el apartado datos de contrato hay informaci\u00f3n detallada de la direcci\u00f3n del suministro, y de notificaci\u00f3n. Consulte adem\u00e1s, d\u00f3nde encontrarnos, nuestro tel\u00e9fono y el horario de atenci\u00f3n, podr\u00e1 conocer cu\u00e1l ha sido su lectura y el consumo facturado. El hist\u00f3rico y su consumo medio diario le ayudar\u00e1 a interpretar mejor sus necesidades, adem\u00e1s conocer\u00e1 c\u00f3mo se reparten los conceptos de su factura, el coste y el tipo de IVA que se aplica en cada uno. En informaci\u00f3n complementaria podr\u00e1 saber si tiene pagos pendientes, si no hemos podido leer su contador, o nos falta informaci\u00f3n de car\u00e1cter general. En la parte inferior de la factura se encuentran los datos de pago, con su domiciliaci\u00f3n o nuestra referencia. Leyendo el c\u00f3digo QR podr\u00e1 acceder, directamente, al pago por m\u00f3vil. En el reverso aparece el desglose de los conceptos de su factura, con importes de cuota fija, variable e impuestos aplicados, as\u00ed como el organismo receptor, sabr\u00e1 adem\u00e1s cu\u00e1les son las tarifas vigentes y cu\u00e1ndo fueron publicadas, acceda a nuestra p\u00e1gina web leyendo el c\u00f3digo QR para completar otra informaci\u00f3n que desee.<\/p>\n<h3>C\u00f3mo utilizar los c\u00f3digos QR de nuestra factura<\/h3>\n<p>Los c\u00f3digos QR son un tipo de c\u00f3digos gr\u00e1ficos que permiten almacenar el enlace a una web, son f\u00e1cilmente identificables por su forma cuadrada y por los tres cuadros ubicados en las esquinas superiores e inferior izquierda, el c\u00f3digo QR nos permite acceder desde nuestro dispositivo a la p\u00e1gina web de destino, de una forma tan sencilla como si hici\u00e9ramos una fotograf\u00eda. Las facturas de Gestagua tienen un dise\u00f1o accesible y una informaci\u00f3n m\u00e1s detallada. Incluyen 2 c\u00f3digos QR, uno le permitir\u00e1 el pago de su factura inmediatamente y otro visitar nuestra web local, compru\u00e9belo en este video de ejemplo.<\/p>\n","protected":false},"excerpt":{"rendered":"<p>Nuestra Factura tiene un dise\u00f1o tiene un dise\u00f1o accesible y f\u00e1cil de entender, en datos de factura, encontrar\u00e1 la informaci\u00f3n que necesitar\u00e1 darnos para cualquier duda sobre la misma. En el apartado datos de contrato hay informaci\u00f3n detallada de la direcci\u00f3n del suministro, y de notificaci\u00f3n. Consulte adem\u00e1s, d\u00f3nde encontrarnos, nuestro tel\u00e9fono y el horario [&hellip;]<\/p>\n","protected":false},"author":2,"featured_media":0,"parent":0,"menu_order":0,"comment_status":"open","ping_status":"closed","template":"","meta":{"footnotes":""},"class_list":["post-225","page","type-page","status-publish","hentry"],"_links":{"self":[{"href":"https:\/\/villarrobledo.gestagua.es\/index.php\/wp-json\/wp\/v2\/pages\/225","targetHints":{"allow":["GET"]}}],"collection":[{"href":"https:\/\/villarrobledo.gestagua.es\/index.php\/wp-json\/wp\/v2\/pages"}],"about":[{"href":"https:\/\/villarrobledo.gestagua.es\/index.php\/wp-json\/wp\/v2\/types\/page"}],"author":[{"embeddable":true,"href":"https:\/\/villarrobledo.gestagua.es\/index.php\/wp-json\/wp\/v2\/users\/2"}],"replies":[{"embeddable":true,"href":"https:\/\/villarrobledo.gestagua.es\/index.php\/wp-json\/wp\/v2\/comments?post=225"}],"version-history":[{"count":15,"href":"https:\/\/villarrobledo.gestagua.es\/index.php\/wp-json\/wp\/v2\/pages\/225\/revisions"}],"predecessor-version":[{"id":379,"href":"https:\/\/villarrobledo.gestagua.es\/index.php\/wp-json\/wp\/v2\/pages\/225\/revisions\/379"}],"wp:attachment":[{"href":"https:\/\/villarrobledo.gestagua.es\/index.php\/wp-json\/wp\/v2\/media?parent=225"}],"curies":[{"name":"wp","href":"https:\/\/api.w.org\/{rel}","templated":true}]}}