{"id":31,"date":"2013-09-30T14:52:49","date_gmt":"2013-09-30T14:52:49","guid":{"rendered":"http:\/\/villarrobledo.gestagua.es\/?page_id=31"},"modified":"2023-09-22T12:38:59","modified_gmt":"2023-09-22T12:38:59","slug":"gestagua","status":"publish","type":"page","link":"https:\/\/villarrobledo.gestagua.es\/index.php\/gestagua\/","title":{"rendered":"GESTAGUA"},"content":{"rendered":"<h1><span style=\"font-size: 20px; text-transform: uppercase; line-height: 19px;\">Soluciones a medida<a href=\"https:\/\/villarrobledo.gestagua.es\/wp-content\/uploads\/2022\/03\/gestagua_page_logo.png\"><img loading=\"lazy\" decoding=\"async\" class=\"alignright wp-image-374 size-full\" src=\"https:\/\/villarrobledo.gestagua.es\/wp-content\/uploads\/2022\/03\/gestagua_page_logo.png\" alt=\"\" width=\"210\" height=\"79\" \/><\/a><\/span><\/h1>\n<p style=\"text-align: justify;\">Gestagua trabaja sobre todas las etapas del ciclo del agua, aportando unos conocimientos t\u00e9cnicos capaces de conciliar la gesti\u00f3n que se nos delega con la conservaci\u00f3n de los equilibrios naturales. Gestagua opera el agua en Espa\u00f1a desde 1986. En la actualidad, nuestra cartera de clientes se compone de medio centenar de municipios, con m\u00e1s de 500.000 habitantes servidos. Nuestra matriz francesa nos aporta su liderazgo en la ingenier\u00eda del tratamiento del agua en todas sus fases: desde el dise\u00f1o de proyectos a la explotaci\u00f3n de instalaciones a medida y llave en mano.<\/p>\n<blockquote>\n<p style=\"text-align: justify;\"><span style=\"font-size: medium;\"><strong>Soluciones a su medida: para Gestagua, cada cliente es \u00fanico y el m\u00e1s importante. Cada proyecto se adapta a las necesidades del municipio que nos conf\u00eda la gesti\u00f3n de su ciclo del agua, y aplicamos nuestro \u201csaber-hacer\u201d <\/strong><\/span><strong style=\"font-size: medium; line-height: 25px;\">con las t\u00e9cnicas m\u00e1s actuales e innovadoras, <\/strong><span style=\"font-size: medium;\"><strong>en beneficio de sus ciudadanos.<\/strong><\/span><\/p>\n<\/blockquote>\n<p style=\"text-align: justify;\"><a href=\"https:\/\/gestagua.es\"><img loading=\"lazy\" decoding=\"async\" class=\"alignleft wp-image-382 size-medium\" src=\"https:\/\/villarrobledo.gestagua.es\/wp-content\/uploads\/2013\/09\/webpreview-300x157.jpg\" alt=\"\" width=\"300\" height=\"157\" srcset=\"https:\/\/villarrobledo.gestagua.es\/wp-content\/uploads\/2013\/09\/webpreview-300x157.jpg 300w, https:\/\/villarrobledo.gestagua.es\/wp-content\/uploads\/2013\/09\/webpreview.jpg 364w\" sizes=\"auto, (max-width: 300px) 100vw, 300px\" \/><\/a>Por ello, los municipios encuentran en Gestagua algo m\u00e1s que un operador eficiente de sus infraestructuras y recursos hidr\u00e1ulicos: sobre todo un socio activo, un gestor transparente y dispuesto a colaborar en cualquier medida que contribuya a una prosperidad sostenible para la comunidad. Plenamente seguros de nuestra voluntad y competencia para prestar un servicio con los mayores est\u00e1ndares de calidad del mercado.<\/p>\n<p style=\"text-align: justify;\">Gestagua es, pues, el mejor gestor posible, tanto para el sistema integral de aguas como para cualquier otro servicio medioambiental.<\/p>\n<blockquote><p><span style=\"font-size: medium;\"><strong>Somos el socio leal, seguro y fiable, cuyos intereses siempre coinciden con los de su ciudad y quienes la habitan.<\/strong><\/span><\/p><\/blockquote>\n<p><a title=\"Gesti\u00f3n y T\u00e9cnicas del Agua (Gestagua S.A.)\" href=\"http:\/\/www.gestagua.es\" target=\"_blank\" rel=\"noopener\">www.gestagua.es<\/a><\/p>\n<h1 style=\"text-align: justify;\"><span style=\"font-size: 20px; text-transform: uppercase; line-height: 19px;\">El Grupo SAUR<\/span><\/h1>\n<p style=\"text-align: justify;\">Con m\u00e1s de 90 a\u00f1os de experiencia y presencia profesional en los 5 continentes, el Grupo Saur, matriz de la filial espa\u00f1ola Gestagua, es l\u00edder europeo en la gesti\u00f3n integral del ciclo del agua. Dispone de departamentos de ingenier\u00eda al servicio del dise\u00f1o, construcci\u00f3n y asistencia a la explotaci\u00f3n de estaciones de tratamiento de agua potable y de depuraci\u00f3n de aguas residuales. Su gesti\u00f3n medioambiental se extiende a trav\u00e9s de diferentes l\u00edneas de negocio, al servicio de la cadena de residuos dom\u00e9sticos e industriales: recogida, transferencia, selecci\u00f3n y reciclado, dep\u00f3sito y almacenamiento y limpieza urbana y de edificios. El Grupo mantiene una pol\u00edtica de calidad y sostenibilidad que promueve el uso de energ\u00edas renovables y elige sistemas de bajo consumo energ\u00e9tico, logrando ratios \u00f3ptimos de uso de los equipos utilizados en todos nuestros servicios de gesti\u00f3n del ciclo integral del agua.<\/p>\n<blockquote><p><span style=\"font-size: medium;\"><strong>El Grupo Saur constituye un referente tecnol\u00f3gico para la constatada profesionalidad de su filial espa\u00f1ola, Gestagua. En Espa\u00f1a, a diferencia de otros pa\u00edses de nuestro entorno, el ciclo integral del agua est\u00e1 configurado como un servicio espec\u00edfico y obligatorio para todos los municipios.<\/strong><\/span><\/p><\/blockquote>\n<p style=\"text-align: justify;\">Casi la mitad de sus consumidores est\u00e1n servidos por los propios entes municipales. No obstante, el recurso a la gesti\u00f3n delegada (privada) del servicio constituye una opci\u00f3n cada vez m\u00e1s atractiva para los municipios, que deben armonizar los crecientes requerimientos del servicio, tanto en coste como en inversi\u00f3n de capital, con los principios de control de gasto p\u00fablico y estabilidad presupuestaria que deben guiar la administraci\u00f3n de sus haciendas locales.<\/p>\n<p style=\"text-align: justify;\">La gesti\u00f3n privada ofrece mayores ratios de eficiencia y productividad y por tanto, una prestaci\u00f3n del servicio a menor coste; un entorno tecnol\u00f3gico m\u00e1s evolucionado, producto de la I+D+i practicada por las empresas especializadas. De otra parte la gesti\u00f3n indirecta del servicio puede aportar financiaci\u00f3n a corto plazo para obras o cualquier otro fin de utilidad p\u00fablica.<\/p>\n<blockquote><p><span style=\"font-size: medium;\"><strong>En este escenario, el Grupo Saur representa para los municipios espa\u00f1oles el mejor socio tecnol\u00f3gico decidido a colaborar bajo cualquiera de las f\u00f3rmulas posibles en cada caso, siempre en l\u00ednea con nuestro ideario de ofertar soluciones a medida.<\/strong><\/span><\/p><\/blockquote>\n<p style=\"text-align: justify;\"><a href=\"http:\/\/www.saur.com\" target=\"_blank\" rel=\"noopener\">www.saur.com<\/a><\/p>\n","protected":false},"excerpt":{"rendered":"<p>Soluciones a medida Gestagua trabaja sobre todas las etapas del ciclo del agua, aportando unos conocimientos t\u00e9cnicos capaces de conciliar la gesti\u00f3n que se nos delega con la conservaci\u00f3n de los equilibrios naturales. Gestagua opera el agua en Espa\u00f1a desde 1986. En la actualidad, nuestra cartera de clientes se compone de medio centenar de municipios, [&hellip;]<\/p>\n","protected":false},"author":2,"featured_media":0,"parent":0,"menu_order":0,"comment_status":"open","ping_status":"closed","template":"","meta":{"footnotes":""},"class_list":["post-31","page","type-page","status-publish","hentry"],"_links":{"self":[{"href":"https:\/\/villarrobledo.gestagua.es\/index.php\/wp-json\/wp\/v2\/pages\/31","targetHints":{"allow":["GET"]}}],"collection":[{"href":"https:\/\/villarrobledo.gestagua.es\/index.php\/wp-json\/wp\/v2\/pages"}],"about":[{"href":"https:\/\/villarrobledo.gestagua.es\/index.php\/wp-json\/wp\/v2\/types\/page"}],"author":[{"embeddable":true,"href":"https:\/\/villarrobledo.gestagua.es\/index.php\/wp-json\/wp\/v2\/users\/2"}],"replies":[{"embeddable":true,"href":"https:\/\/villarrobledo.gestagua.es\/index.php\/wp-json\/wp\/v2\/comments?post=31"}],"version-history":[{"count":7,"href":"https:\/\/villarrobledo.gestagua.es\/index.php\/wp-json\/wp\/v2\/pages\/31\/revisions"}],"predecessor-version":[{"id":396,"href":"https:\/\/villarrobledo.gestagua.es\/index.php\/wp-json\/wp\/v2\/pages\/31\/revisions\/396"}],"wp:attachment":[{"href":"https:\/\/villarrobledo.gestagua.es\/index.php\/wp-json\/wp\/v2\/media?parent=31"}],"curies":[{"name":"wp","href":"https:\/\/api.w.org\/{rel}","templated":true}]}}