{"id":323,"date":"2014-11-26T08:22:01","date_gmt":"2014-11-26T08:22:01","guid":{"rendered":"http:\/\/villarrobledo.gestagua.es\/?page_id=323"},"modified":"2014-11-26T08:33:33","modified_gmt":"2014-11-26T08:33:33","slug":"factura-electronica","status":"publish","type":"page","link":"https:\/\/villarrobledo.gestagua.es\/index.php\/factura-electronica\/","title":{"rendered":"Factura Electr\u00f3nica"},"content":{"rendered":"<h2>\u00bfQu\u00e9 es una factura electr\u00f3nica?<\/h2>\n<p style=\"text-align: justify;\">\u201cUna factura electr\u00f3nica es un documento electr\u00f3nico que cumple con los requisitos legal y reglamentariamente exigibles a las facturas y que, adem\u00e1s, garantiza la autenticidad de su origen y la integridad de su contenido, lo que impide el repudio de la factura por su emisor.\u00bb\u00a0<em>(Ley 56\/2007, de Medidas de Impulso de la Sociedad de la Informaci\u00f3n)<\/em><\/p>\n<p style=\"text-align: justify;\">\u00abLas facturas podr\u00e1n expedirse por cualquier medio, en papel o en formato electr\u00f3nico, que permita garantizar al obligado a su expedici\u00f3n la autenticidad de su origen, la integridad de su contenido y su legibilidad.\u201d\u00a0<em>(Reglamento por el que se regulan las obligaciones de facturaci\u00f3n aprobado por Real Decreto 1619\/2012)<\/em><\/p>\n<p style=\"text-align: justify;\">Nuestras facturas electr\u00f3nicas tienen la misma validez legal que las facturas en formato papel ya que incorporan medios que garantizan la autenticidad de su origen y la integridad de los documentos as\u00ed remitidos.<\/p>\n<h2>\u00bfCu\u00e1les son las ventajas?<\/h2>\n<p style=\"text-align: justify;\">Las facturas en formato electr\u00f3nico sustituyen la documentaci\u00f3n en papel y permiten ahorrar el espacio de almacenamiento, mejoran la disponibilidad de la informaci\u00f3n y la seguridad, pudiendo ser consultada en cualquier momento y desde cualquier ubicaci\u00f3n, evitando adem\u00e1s,\u00a0el consumo de papel y los recursos de impresi\u00f3n de forma innecesaria.<\/p>\n<h2>\u00bfC\u00f3mo solicitarla?<\/h2>\n<p style=\"text-align: justify;\">Si es usted titular del contrato, puede solicitarla de forma telef\u00f3nica o por correo electr\u00f3nico, en su oficina comercial.\u00a0Si usted ya es usuario de nuestra oficina virtual, recibir\u00e1 el aviso por correo electr\u00f3nico de la disponibilidad de su factura. En caso de disconformidad, deber\u00e1 comunicar a su oficina su deseo de seguir recibiendo su factura en papel.\u00a0En cualquier momento, si usted desea volver a recibir las facturas en papel, s\u00f3lo tiene que ponerse en contacto con su oficina.<\/p>\n<p style=\"text-align: justify;\">Consulte nuestro\u00a0<a title=\"Folleto Factura Electr\u00f3nica\" href=\"http:\/\/villarrobledo.gestagua.es\/wp-content\/uploads\/2014\/11\/Folleto-Factura-Electronica.pdf\" target=\"_blank\">Folleto de Factura Electr\u00f3nica<\/a>\u00a0para m\u00e1s informaci\u00f3n.<\/p>\n<p style=\"text-align: justify;\">\n","protected":false},"excerpt":{"rendered":"<p>\u00bfQu\u00e9 es una factura electr\u00f3nica? \u201cUna factura electr\u00f3nica es un documento electr\u00f3nico que cumple con los requisitos legal y reglamentariamente exigibles a las facturas y que, adem\u00e1s, garantiza la autenticidad de su origen y la integridad de su contenido, lo que impide el repudio de la factura por su emisor.\u00bb\u00a0(Ley 56\/2007, de Medidas de Impulso [&hellip;]<\/p>\n","protected":false},"author":2,"featured_media":0,"parent":0,"menu_order":0,"comment_status":"open","ping_status":"closed","template":"","meta":{"footnotes":""},"class_list":["post-323","page","type-page","status-publish","hentry"],"_links":{"self":[{"href":"https:\/\/villarrobledo.gestagua.es\/index.php\/wp-json\/wp\/v2\/pages\/323","targetHints":{"allow":["GET"]}}],"collection":[{"href":"https:\/\/villarrobledo.gestagua.es\/index.php\/wp-json\/wp\/v2\/pages"}],"about":[{"href":"https:\/\/villarrobledo.gestagua.es\/index.php\/wp-json\/wp\/v2\/types\/page"}],"author":[{"embeddable":true,"href":"https:\/\/villarrobledo.gestagua.es\/index.php\/wp-json\/wp\/v2\/users\/2"}],"replies":[{"embeddable":true,"href":"https:\/\/villarrobledo.gestagua.es\/index.php\/wp-json\/wp\/v2\/comments?post=323"}],"version-history":[{"count":5,"href":"https:\/\/villarrobledo.gestagua.es\/index.php\/wp-json\/wp\/v2\/pages\/323\/revisions"}],"predecessor-version":[{"id":330,"href":"https:\/\/villarrobledo.gestagua.es\/index.php\/wp-json\/wp\/v2\/pages\/323\/revisions\/330"}],"wp:attachment":[{"href":"https:\/\/villarrobledo.gestagua.es\/index.php\/wp-json\/wp\/v2\/media?parent=323"}],"curies":[{"name":"wp","href":"https:\/\/api.w.org\/{rel}","templated":true}]}}