{"id":38,"date":"2013-09-30T15:44:32","date_gmt":"2013-09-30T15:44:32","guid":{"rendered":"http:\/\/villarrobledo.gestagua.es\/?page_id=38"},"modified":"2014-05-07T15:37:02","modified_gmt":"2014-05-07T15:37:02","slug":"pensar-globalmente","status":"publish","type":"page","link":"https:\/\/villarrobledo.gestagua.es\/index.php\/pensar-globalmente\/","title":{"rendered":"Pensar Globalmente"},"content":{"rendered":"<h2 style=\"text-align: justify;\">El Grupo SAUR<\/h2>\n<p style=\"text-align: justify;\">Con m\u00e1s de 80 a\u00f1os de experiencia y presencia profesional en los 5 continentes, el Grupo Saur, matriz de la filial espa\u00f1ola Gestagua, es l\u00edder europeo en la gesti\u00f3n integral del ciclo del agua.<br \/>\nDispone de departamentos de ingenier\u00eda al servicio del dise\u00f1o, construcci\u00f3n y asistencia a la explotaci\u00f3n de estaciones de tratamiento de agua potable y de depuraci\u00f3n de aguas residuales.<br \/>\nSu gesti\u00f3n medioambiental se extiende a trav\u00e9s de diferentes l\u00edneas de negocio, al servicio de la cadena de residuos dom\u00e9sticos e industriales: recogida, transferencia, selecci\u00f3n y reciclado, dep\u00f3sito y almacenamiento y limpieza urbana y de edificios.<br \/>\nEl Grupo mantiene una pol\u00edtica de calidad y sostenibilidad que promueve el uso de energ\u00edas renovables y elige sistemas de bajo consumo energ\u00e9tico, logrando ratios \u00f3ptimos de uso de los equipos utilizados en todos nuestros servicios de gesti\u00f3n del ciclo integral del agua.<\/p>\n<blockquote><p><strong>El Grupo Saur constituye un referente tecnol\u00f3gico para la constatada profesionalidad de su filial espa\u00f1ola, Gestagua.<\/strong><\/p><\/blockquote>\n<blockquote><p><strong>En Espa\u00f1a, a diferencia de otros pa\u00edses de nuestro entorno, el ciclo integral del agua est\u00e1 configurado como un servicio espec\u00edfico y obligatorio para todos los municipios.<\/strong><\/p><\/blockquote>\n<p style=\"text-align: justify;\">Casi la mitad de sus consumidores est\u00e1n servidos por los propios entes municipales.<br \/>\nNo obstante, el recurso a la gesti\u00f3n delegada (privada) del servicio constituye una opci\u00f3n cada vez m\u00e1s atractiva para los municipios, que deben armonizar los crecientes requerimientos del servicio, tanto en coste como en inversi\u00f3n de capital, con los principios de control de gasto p\u00fablico y estabilidad presupuestaria que deben guiar la administraci\u00f3n de sus haciendas locales.<\/p>\n<p style=\"text-align: justify;\">La gesti\u00f3n privada ofrece mayores ratios de eficiencia y productividad y por tanto, una prestaci\u00f3n del servicio a menor coste; un entorno tecnol\u00f3gico m\u00e1s evolucionado, producto de la I+D+i practicada por las empresas especializadas. De otra parte la gesti\u00f3n indirecta del servicio puede aportar financiaci\u00f3n a corto plazo para obras o cualquier otro fin de utilidad p\u00fablica.<\/p>\n<blockquote><p><strong>En este escenario, el Grupo Saur representa para los municipios espa\u00f1oles el mejor socio tecnol\u00f3gico decidido a colaborar bajo cualquiera de las f\u00f3rmulas posibles en cada caso, siempre en l\u00ednea con nuestro ideario de ofertar soluciones a medida<\/strong><\/p><\/blockquote>\n<p style=\"text-align: justify;\"><strong>JOSE LUIS RUBIO DIAZ DE TUDANCA \/ Presidente Ejecutivo de Gestagua<\/strong><\/p>\n","protected":false},"excerpt":{"rendered":"<p>El Grupo SAUR Con m\u00e1s de 80 a\u00f1os de experiencia y presencia profesional en los 5 continentes, el Grupo Saur, matriz de la filial espa\u00f1ola Gestagua, es l\u00edder europeo en la gesti\u00f3n integral del ciclo del agua. Dispone de departamentos de ingenier\u00eda al servicio del dise\u00f1o, construcci\u00f3n y asistencia a la explotaci\u00f3n de estaciones de [&hellip;]<\/p>\n","protected":false},"author":2,"featured_media":0,"parent":0,"menu_order":0,"comment_status":"open","ping_status":"closed","template":"","meta":{"footnotes":""},"class_list":["post-38","page","type-page","status-publish","hentry"],"_links":{"self":[{"href":"https:\/\/villarrobledo.gestagua.es\/index.php\/wp-json\/wp\/v2\/pages\/38","targetHints":{"allow":["GET"]}}],"collection":[{"href":"https:\/\/villarrobledo.gestagua.es\/index.php\/wp-json\/wp\/v2\/pages"}],"about":[{"href":"https:\/\/villarrobledo.gestagua.es\/index.php\/wp-json\/wp\/v2\/types\/page"}],"author":[{"embeddable":true,"href":"https:\/\/villarrobledo.gestagua.es\/index.php\/wp-json\/wp\/v2\/users\/2"}],"replies":[{"embeddable":true,"href":"https:\/\/villarrobledo.gestagua.es\/index.php\/wp-json\/wp\/v2\/comments?post=38"}],"version-history":[{"count":2,"href":"https:\/\/villarrobledo.gestagua.es\/index.php\/wp-json\/wp\/v2\/pages\/38\/revisions"}],"predecessor-version":[{"id":294,"href":"https:\/\/villarrobledo.gestagua.es\/index.php\/wp-json\/wp\/v2\/pages\/38\/revisions\/294"}],"wp:attachment":[{"href":"https:\/\/villarrobledo.gestagua.es\/index.php\/wp-json\/wp\/v2\/media?parent=38"}],"curies":[{"name":"wp","href":"https:\/\/api.w.org\/{rel}","templated":true}]}}