{"id":40,"date":"2013-09-30T15:45:33","date_gmt":"2013-09-30T15:45:33","guid":{"rendered":"http:\/\/villarrobledo.gestagua.es\/?page_id=40"},"modified":"2015-05-21T13:20:38","modified_gmt":"2015-05-21T13:20:38","slug":"actuar-localmente","status":"publish","type":"page","link":"https:\/\/villarrobledo.gestagua.es\/index.php\/actuar-localmente\/","title":{"rendered":"Actuar Localmente"},"content":{"rendered":"<h2>Soluciones a medida<\/h2>\n<p style=\"text-align: justify;\">Gestagua trabaja sobre todas las etapas del ciclo del agua, aportando unos conocimientos t\u00e9cnicos capaces de conciliar la gesti\u00f3n que se nos delega con la conservaci\u00f3n de los equilibrios naturales. Gestagua opera el agua en Espa\u00f1a desde 1986. En la actualidad, nuestra cartera de clientes se compone de medio centenar de municipios, con m\u00e1s de 500.000 habitantes servidos. Nuestra matriz francesa nos aporta su liderazgo en la ingenier\u00eda del tratamiento del agua en todas sus fases: desde el dise\u00f1o de proyectos a la explotaci\u00f3n de instalaciones a medida y llave en mano.<\/p>\n<blockquote><p><strong>Soluciones a su medida: para Gestagua, cada cliente es \u00fanico y el m\u00e1s importante. Cada proyecto se adapta a las necesidades de los municipios que nos conf\u00edan la gesti\u00f3n de su ciclo del agua, y a ella aplicamos nuestro \u201csaber-hacer\u201d en beneficio de sus ciudades, con las t\u00e9cnicas m\u00e1s actuales e innovadoras.<\/strong><\/p><\/blockquote>\n<p style=\"text-align: justify;\">Por ello, los municipios encuentran en Gestagua algo m\u00e1s que un operador eficiente de sus infraestructuras y recursos: sobre todo un socio activo para la gesti\u00f3n de la ciudad, un gestor transparente y dispuesto a colaborar en cualquier medida que contribuya a una prosperidad sostenible para la comunidad. Plenamente seguros de nuestra voluntad y competencia para prestar un servicio con los mayores est\u00e1ndares de calidad del mercado, Gestagua se postula ante sus potenciales clientes como el mejor gestor posible, tanto para su sistema de abastecimiento como para cualquier otro servicio medioambiental.<\/p>\n<blockquote><p><strong>Somos el socio leal, seguro y fiable, cuyos intereses siempre coinciden con los de su ciudad y quienes la habitan.<\/strong><\/p><\/blockquote>\n","protected":false},"excerpt":{"rendered":"<p>Soluciones a medida Gestagua trabaja sobre todas las etapas del ciclo del agua, aportando unos conocimientos t\u00e9cnicos capaces de conciliar la gesti\u00f3n que se nos delega con la conservaci\u00f3n de los equilibrios naturales. Gestagua opera el agua en Espa\u00f1a desde 1986. En la actualidad, nuestra cartera de clientes se compone de medio centenar de municipios, [&hellip;]<\/p>\n","protected":false},"author":2,"featured_media":0,"parent":0,"menu_order":0,"comment_status":"open","ping_status":"closed","template":"","meta":{"footnotes":""},"class_list":["post-40","page","type-page","status-publish","hentry"],"_links":{"self":[{"href":"https:\/\/villarrobledo.gestagua.es\/index.php\/wp-json\/wp\/v2\/pages\/40","targetHints":{"allow":["GET"]}}],"collection":[{"href":"https:\/\/villarrobledo.gestagua.es\/index.php\/wp-json\/wp\/v2\/pages"}],"about":[{"href":"https:\/\/villarrobledo.gestagua.es\/index.php\/wp-json\/wp\/v2\/types\/page"}],"author":[{"embeddable":true,"href":"https:\/\/villarrobledo.gestagua.es\/index.php\/wp-json\/wp\/v2\/users\/2"}],"replies":[{"embeddable":true,"href":"https:\/\/villarrobledo.gestagua.es\/index.php\/wp-json\/wp\/v2\/comments?post=40"}],"version-history":[{"count":4,"href":"https:\/\/villarrobledo.gestagua.es\/index.php\/wp-json\/wp\/v2\/pages\/40\/revisions"}],"predecessor-version":[{"id":342,"href":"https:\/\/villarrobledo.gestagua.es\/index.php\/wp-json\/wp\/v2\/pages\/40\/revisions\/342"}],"wp:attachment":[{"href":"https:\/\/villarrobledo.gestagua.es\/index.php\/wp-json\/wp\/v2\/media?parent=40"}],"curies":[{"name":"wp","href":"https:\/\/api.w.org\/{rel}","templated":true}]}}