{"id":42,"date":"2013-09-30T15:54:47","date_gmt":"2013-09-30T15:54:47","guid":{"rendered":"http:\/\/villarrobledo.gestagua.es\/?page_id=42"},"modified":"2014-05-07T14:17:33","modified_gmt":"2014-05-07T14:17:33","slug":"el-agua","status":"publish","type":"page","link":"https:\/\/villarrobledo.gestagua.es\/index.php\/el-agua\/","title":{"rendered":"El Agua"},"content":{"rendered":"<div class=\"theme-three-fourth\">\n<p style=\"text-align: justify;\">El d\u00eda 1 de octubre de 1.989, Gestagua asumi\u00f3 la responsabilidad de la gesti\u00f3n de abastecimiento de Villarrobledo, pasado unos meses, el d\u00eda 15 de marzo de 1.991, el<a title=\"Ayuntamiento de Villarrobledo\" href=\"http:\/\/www.villarrobledo.com\/\" target=\"_blank\"> Excmo. Ayto de Villarrobledo<\/a>, ampli\u00f3 su confianza en nosotros permitiendo que pasaramos a gestionar adem\u00e1s el servicio de saneamiento de la ciudad.<\/p>\n<p style=\"text-align: justify;\">Durante estos 25 a\u00f1os a su servicio, Gestagua ha trabajado de la mano de sus clientes, con el objetivo de seguir mejorando cada d\u00eda el servicio prestado, permitiendo que los ciudadanos puedan confiar en sus servicios de abastecimiento y saneamiento.<\/p>\n<p style=\"text-align: justify;\">En la poblaci\u00f3n de Villarrobledo existen 3 captaciones de agua subterr\u00e1nea (sondeos) de los cuales se abastece la poblaci\u00f3n. A continuaci\u00f3n el agua bombeada desde las captaciones se almacena en\u00a0 dos dep\u00f3sitos, uno de regulaci\u00f3n y otro de distribuci\u00f3n, en los cuales se procede a su tratamiento con desinfectante antes de que el agua llegue a la red de distribuci\u00f3n y posteriormente al abonado. Existe un grupo sobrepresor el cual origina una columna de elevaci\u00f3n de agua para que esta llegue con la suficiente presi\u00f3n a todos los abonados de la poblaci\u00f3n.<\/p>\n<p style=\"text-align: justify;\">La red de abastecimiento de Villarrobledo esta dividida en 9 zonas o sectores. Estos sectores nos permiten controlar la producci\u00f3n en m\u00e1s detallada de la poblaci\u00f3n pudiendo controlar mas r\u00e1pidamente la detecci\u00f3n de cualquier aver\u00eda que se produzcan en ellos y causando el menor perjuicio en el servicio para nuestros abonados.\u00a0 Todo este conjunto de instalaciones est\u00e1n telecomandadas y se puede proceder a su interactuaci\u00f3n con ellas desde la oficina de atenci\u00f3n al p\u00fablico de Gestagua, pudiendo obtener de ellos gr\u00e1ficos, datos en tiempo real, hist\u00f3ricos, etc&#8230;<\/div>\n<p style=\"text-align: right;\"><div class=\"theme-one-fourth theme-column-last\"><a title=\"Ayuntamiento de Villarrobledo\" href=\"http:\/\/www.villarrobledo.com\/\" target=\"_blank\"><img loading=\"lazy\" decoding=\"async\" class=\"alignnone size-medium wp-image-43\" src=\"http:\/\/villarrobledo.gestagua.es\/wp-content\/uploads\/2013\/09\/Logo-Ayto-Villarrobledo-300x223.png\" alt=\"Logo-Ayto-Villarrobledo\" width=\"300\" height=\"223\" srcset=\"https:\/\/villarrobledo.gestagua.es\/wp-content\/uploads\/2013\/09\/Logo-Ayto-Villarrobledo-300x223.png 300w, https:\/\/villarrobledo.gestagua.es\/wp-content\/uploads\/2013\/09\/Logo-Ayto-Villarrobledo.png 468w\" sizes=\"auto, (max-width: 300px) 100vw, 300px\" \/><\/a><\/p>\n<p style=\"text-align: right;\"><p style=\"text-align:center; display: table; margin: 5px auto;\">\r\n            <a class=\"btn small\" href=\"http:\/\/www.villarrobledo.com\/\" target=\"_blank\" style=\"color:#555555\">Web Ayto. de Villarrobledo.<\/a>\r\n        <\/p><\/div><div class=\"clear\"><\/div>\n<p style=\"text-align: left;\"><a href=\"http:\/\/villarrobledo.gestagua.es\/wp-content\/uploads\/2013\/10\/Abastecimiento.png\"><div class=\"theme-one-half\"><\/a><a href=\"http:\/\/villarrobledo.gestagua.es\/wp-content\/uploads\/2013\/10\/Abastecimiento.png\"><img loading=\"lazy\" decoding=\"async\" class=\"alignnone size-large wp-image-201\" src=\"http:\/\/villarrobledo.gestagua.es\/wp-content\/uploads\/2013\/10\/Abastecimiento-1024x534.png\" alt=\"Abastecimiento\" width=\"602\" height=\"313\" srcset=\"https:\/\/villarrobledo.gestagua.es\/wp-content\/uploads\/2013\/10\/Abastecimiento-1024x534.png 1024w, https:\/\/villarrobledo.gestagua.es\/wp-content\/uploads\/2013\/10\/Abastecimiento-300x156.png 300w\" sizes=\"auto, (max-width: 602px) 100vw, 602px\" \/><\/a><\/div>\n<p style=\"text-align: left;\"><a href=\"http:\/\/villarrobledo.gestagua.es\/wp-content\/uploads\/2013\/10\/Saneamiento.png\"><div class=\"theme-one-half theme-column-last\"><\/a><a href=\"http:\/\/villarrobledo.gestagua.es\/wp-content\/uploads\/2013\/10\/Saneamiento.png\"><img loading=\"lazy\" decoding=\"async\" class=\"alignnone size-large wp-image-207\" src=\"http:\/\/villarrobledo.gestagua.es\/wp-content\/uploads\/2013\/10\/Saneamiento-1024x551.png\" alt=\"Saneamiento\" width=\"602\" height=\"323\" srcset=\"https:\/\/villarrobledo.gestagua.es\/wp-content\/uploads\/2013\/10\/Saneamiento-1024x551.png 1024w, https:\/\/villarrobledo.gestagua.es\/wp-content\/uploads\/2013\/10\/Saneamiento-300x161.png 300w\" sizes=\"auto, (max-width: 602px) 100vw, 602px\" \/><\/a><\/div><div class=\"clear\"><\/div>\n<p>&nbsp;<\/p>\n","protected":false},"excerpt":{"rendered":"<p>&nbsp;<\/p>\n","protected":false},"author":2,"featured_media":0,"parent":0,"menu_order":0,"comment_status":"open","ping_status":"closed","template":"","meta":{"footnotes":""},"class_list":["post-42","page","type-page","status-publish","hentry"],"_links":{"self":[{"href":"https:\/\/villarrobledo.gestagua.es\/index.php\/wp-json\/wp\/v2\/pages\/42","targetHints":{"allow":["GET"]}}],"collection":[{"href":"https:\/\/villarrobledo.gestagua.es\/index.php\/wp-json\/wp\/v2\/pages"}],"about":[{"href":"https:\/\/villarrobledo.gestagua.es\/index.php\/wp-json\/wp\/v2\/types\/page"}],"author":[{"embeddable":true,"href":"https:\/\/villarrobledo.gestagua.es\/index.php\/wp-json\/wp\/v2\/users\/2"}],"replies":[{"embeddable":true,"href":"https:\/\/villarrobledo.gestagua.es\/index.php\/wp-json\/wp\/v2\/comments?post=42"}],"version-history":[{"count":21,"href":"https:\/\/villarrobledo.gestagua.es\/index.php\/wp-json\/wp\/v2\/pages\/42\/revisions"}],"predecessor-version":[{"id":288,"href":"https:\/\/villarrobledo.gestagua.es\/index.php\/wp-json\/wp\/v2\/pages\/42\/revisions\/288"}],"wp:attachment":[{"href":"https:\/\/villarrobledo.gestagua.es\/index.php\/wp-json\/wp\/v2\/media?parent=42"}],"curies":[{"name":"wp","href":"https:\/\/api.w.org\/{rel}","templated":true}]}}