{"id":52,"date":"2013-09-30T16:00:03","date_gmt":"2013-09-30T16:00:03","guid":{"rendered":"http:\/\/villarrobledo.gestagua.es\/?page_id=52"},"modified":"2014-05-07T14:11:14","modified_gmt":"2014-05-07T14:11:14","slug":"calidad-de-agua","status":"publish","type":"page","link":"https:\/\/villarrobledo.gestagua.es\/index.php\/calidad-de-agua\/","title":{"rendered":"Calidad de Agua"},"content":{"rendered":"<div class=\"theme-three-fourth\">\n<blockquote>\n<p style=\"text-align: justify;\"><strong><span style=\"font-size: medium;\"> En Gestagua &#8211; Villarrobledo, cuidamos de la calidad de un bien como el Agua, cada d\u00eda mas escaso.<\/span><br \/>\n<\/strong><\/p>\n<\/blockquote>\n<p style=\"text-align: justify;\">La calidad del agua en Villarrobledo cumple con la legislaci\u00f3n vigente, el<a title=\"Real Decreto 140\/2003, de 7 de febrero, por el que se establecen los criterios sanitarios de la calidad del agua de consumo humano\" href=\"http:\/\/www.boe.es\/diario_boe\/txt.php?id=BOE-A-2003-3596\" target=\"_blank\"> Real Decreto 140\/2003, de 7 de febrero<\/a> por el que se establecen los criterios sanitarios de la calidad del agua de consumo humano garantiza que las aguas consumidas por todos los municipios nacionales, sean controladas, tanto por los gestores de los abastecimientos como por las administraciones sanitarias locales. Gracias adem\u00e1s, al robusto <a title=\"Sistema de Informaci\u00f3n Nacional de Aguas de Consumo\" href=\"http:\/\/sinac.msc.es\/\" target=\"_blank\">Sistema de Informaci\u00f3n Nacional de Aguas de Consumo (SINAC)<\/a>, que centraliza todos los datos de la calidad del agua analizada, toda la informaci\u00f3n se encuentra disponible para todos los \u00e1mbitos de la administraci\u00f3n as\u00ed como para el propio ciudadano.<\/p>\n<p style=\"text-align: justify;\">Todos los d\u00edas realizamos controles manuales sobre la calidad microbiol\u00f3gica y fisicoqu\u00edmica del agua, con el prop\u00f3sito de garantizar la tranquilidad a nuestros clientes. Pero adem\u00e1s, nuestros analizadores en continuo nos avisan sobre cualquier variaci\u00f3n de los par\u00e1metros medidos a lo largo del d\u00eda, lo que nos permite actuar de forma r\u00e1pida ante cualquier imprevisto y antes incluso que afecte a nuestros clientes.<\/p>\n<h4>ESTADO DE PLANIFICACI\u00d3N DEL CONTROL DE LA CALIDAD DEL AGUA<\/h4>\n\r\n\t\t\t<div class=\"sc-skillbar sc-skillbar-style-2\">\r\n\t\t\t\t<div class=\"sc-skillbar-title\"><\/div>\r\n\t\t\t\t<div class=\"sc-skillbar-bar\" data-percentage=\"100\" data-color=\"#AED9F5\"><\/div>\r\n\t\t\t<\/div><div class=\"clear\"><\/div>\n<h4><\/div><\/h4>\n<div class=\"theme-one-fourth theme-column-last\"> <a href=\"http:\/\/villarrobledo.gestagua.es\/wp-content\/uploads\/2013\/09\/01T-Calidad-Agua.jpg\"><img loading=\"lazy\" decoding=\"async\" class=\"alignnone size-medium wp-image-677\" src=\"http:\/\/villarrobledo.gestagua.es\/wp-content\/uploads\/2013\/09\/01T-Calidad-Agua-199x300.jpg\" alt=\"01T-Calidad-Agua\" width=\"225\" height=\"338\" \/><\/a><\/div><div class=\"clear\"><\/div>\n","protected":false},"excerpt":{"rendered":"","protected":false},"author":2,"featured_media":0,"parent":0,"menu_order":0,"comment_status":"open","ping_status":"closed","template":"","meta":{"footnotes":""},"class_list":["post-52","page","type-page","status-publish","hentry"],"_links":{"self":[{"href":"https:\/\/villarrobledo.gestagua.es\/index.php\/wp-json\/wp\/v2\/pages\/52","targetHints":{"allow":["GET"]}}],"collection":[{"href":"https:\/\/villarrobledo.gestagua.es\/index.php\/wp-json\/wp\/v2\/pages"}],"about":[{"href":"https:\/\/villarrobledo.gestagua.es\/index.php\/wp-json\/wp\/v2\/types\/page"}],"author":[{"embeddable":true,"href":"https:\/\/villarrobledo.gestagua.es\/index.php\/wp-json\/wp\/v2\/users\/2"}],"replies":[{"embeddable":true,"href":"https:\/\/villarrobledo.gestagua.es\/index.php\/wp-json\/wp\/v2\/comments?post=52"}],"version-history":[{"count":6,"href":"https:\/\/villarrobledo.gestagua.es\/index.php\/wp-json\/wp\/v2\/pages\/52\/revisions"}],"predecessor-version":[{"id":285,"href":"https:\/\/villarrobledo.gestagua.es\/index.php\/wp-json\/wp\/v2\/pages\/52\/revisions\/285"}],"wp:attachment":[{"href":"https:\/\/villarrobledo.gestagua.es\/index.php\/wp-json\/wp\/v2\/media?parent=52"}],"curies":[{"name":"wp","href":"https:\/\/api.w.org\/{rel}","templated":true}]}}