{"id":75,"date":"2013-09-30T16:28:50","date_gmt":"2013-09-30T16:28:50","guid":{"rendered":"http:\/\/villarrobledo.gestagua.es\/?page_id=75"},"modified":"2014-05-07T14:16:28","modified_gmt":"2014-05-07T14:16:28","slug":"control-de-proceso","status":"publish","type":"page","link":"https:\/\/villarrobledo.gestagua.es\/index.php\/control-de-proceso\/","title":{"rendered":"Control de Proceso"},"content":{"rendered":"<h3>AUTOMATISMOS Y CONTROLES<\/h3>\n<p style=\"text-align: justify;\"><div class=\"theme-three-fourth\"> El Servicio de Abastecimiento de Agua de Villarrobledo cuenta con \u00a05 estaciones remotas para el control y automatizaci\u00f3n de las infraestructuras del servicio, con las cuales se consigue automatizar completamente las instalaciones, procesar alarmas, disponer de registro e hist\u00f3ricos de toda la informaci\u00f3n generada en las instalaciones.<\/p>\n<p style=\"text-align: justify;\">Toda la informaci\u00f3n generada se centraliza en un puesto central (SCADA), el cual permite la administraci\u00f3n y almacenamiento de todos los datos generados en las distintas instalaciones que componen el servicio. La comunicaci\u00f3n entre todos los componentes del sistema de telecontrol se realiza mediante radio, tecnolog\u00eda que nos permite tener los datos en tiempo real.<\/div>\n<div class=\"theme-one-fourth theme-column-last\"><a href=\"http:\/\/villarrobledo.gestagua.es\/wp-content\/uploads\/2013\/09\/Control-de-Proceso.png\"><img loading=\"lazy\" decoding=\"async\" class=\"alignnone size-medium wp-image-893\" src=\"http:\/\/villarrobledo.gestagua.es\/wp-content\/uploads\/2013\/09\/Control-de-Proceso-296x300.png\" alt=\"Control de Proceso\" width=\"163\" height=\"165\" \/><\/a><\/div><div class=\"clear\"><\/div>\n<h3>MANTENIMIENTO PREVENTIVO DE REDES<\/h3>\n<p style=\"text-align: justify;\">La red de abastecimiento de agua potable de Villarrobledo con una longitud de 125 Kms, est\u00e1 distribuida en 10 Sectores perfectamente definidos, lo que nos permite saber el n\u00famero de abonados, los consumos de los mismos, el caudal y volumen suministrada en cada sector. Esto mejora sensiblemente la eficacia en la b\u00fasqueda de fugas que se realiza de forma constante en el municipio.<\/p>\n<p style=\"text-align: justify;\">Para la detecci\u00f3n de fugas Gestagua dispone de los medios m\u00e1s sofisticados y de personal cualificado para el manejo de dichos equipos. Destacamos la utilizaci\u00f3n de prelocalizadores ac\u00fasticos aut\u00f3nomos distribuidos por toda la red de distribuci\u00f3n, los cuales pasan a estado de fuga en cuanto detectan alg\u00fan tipo de anomal\u00eda en la red. Equipos de correlaci\u00f3n ac\u00fastica que nos permiten la localizaci\u00f3n de fugas en tuber\u00edas enterradas, as\u00ed como ge\u00f3fonos port\u00e1tiles y dispositivos electroac\u00fasticos para la detecci\u00f3n de fugas.<\/p>\n<p>&nbsp;<\/p>\n","protected":false},"excerpt":{"rendered":"<p>AUTOMATISMOS Y CONTROLES MANTENIMIENTO PREVENTIVO DE REDES La red de abastecimiento de agua potable de Villarrobledo con una longitud de 125 Kms, est\u00e1 distribuida en 10 Sectores perfectamente definidos, lo que nos permite saber el n\u00famero de abonados, los consumos de los mismos, el caudal y volumen suministrada en cada sector. Esto mejora sensiblemente la [&hellip;]<\/p>\n","protected":false},"author":2,"featured_media":0,"parent":0,"menu_order":0,"comment_status":"open","ping_status":"closed","template":"","meta":{"footnotes":""},"class_list":["post-75","page","type-page","status-publish","hentry"],"_links":{"self":[{"href":"https:\/\/villarrobledo.gestagua.es\/index.php\/wp-json\/wp\/v2\/pages\/75","targetHints":{"allow":["GET"]}}],"collection":[{"href":"https:\/\/villarrobledo.gestagua.es\/index.php\/wp-json\/wp\/v2\/pages"}],"about":[{"href":"https:\/\/villarrobledo.gestagua.es\/index.php\/wp-json\/wp\/v2\/types\/page"}],"author":[{"embeddable":true,"href":"https:\/\/villarrobledo.gestagua.es\/index.php\/wp-json\/wp\/v2\/users\/2"}],"replies":[{"embeddable":true,"href":"https:\/\/villarrobledo.gestagua.es\/index.php\/wp-json\/wp\/v2\/comments?post=75"}],"version-history":[{"count":7,"href":"https:\/\/villarrobledo.gestagua.es\/index.php\/wp-json\/wp\/v2\/pages\/75\/revisions"}],"predecessor-version":[{"id":287,"href":"https:\/\/villarrobledo.gestagua.es\/index.php\/wp-json\/wp\/v2\/pages\/75\/revisions\/287"}],"wp:attachment":[{"href":"https:\/\/villarrobledo.gestagua.es\/index.php\/wp-json\/wp\/v2\/media?parent=75"}],"curies":[{"name":"wp","href":"https:\/\/api.w.org\/{rel}","templated":true}]}}