{"id":89,"date":"2013-10-01T07:19:20","date_gmt":"2013-10-01T07:19:20","guid":{"rendered":"http:\/\/villarrobledo.gestagua.es\/?page_id=89"},"modified":"2017-10-31T12:03:29","modified_gmt":"2017-10-31T12:03:29","slug":"tarifas","status":"publish","type":"page","link":"https:\/\/villarrobledo.gestagua.es\/index.php\/tarifas\/","title":{"rendered":"Tarifas"},"content":{"rendered":"<p>Aqu\u00ed podr\u00e1 encontrar la informaci\u00f3n sobre las tarifas en vigor publicadas y que son de aplicaci\u00f3n en su actual factura.<\/p>\n<ul>\n<li class=\"lista1\"><a href=\"http:\/\/villarrobledo.gestagua.es\/wp-content\/uploads\/2013\/09\/Tarifas-Agua-y-Saneamiento-Villarrobledo-2016.pdf\" target=\"_blank\" rel=\"noopener\">Tarifas Agua y Saneamiento 2016 Villarrobledo<\/a><\/li>\n<\/ul>\n<ul>\n<li class=\"lista1\"><a href=\"http:\/\/villarrobledo.gestagua.es\/wp-content\/uploads\/2013\/09\/Tarifas-Recogida-de-Residuos-S\u00f3lidos-Urbanos-Villarrobledo-2015.pdf\" target=\"_blank\" rel=\"noopener\">Tarifas Recogida de Residuos S\u00f3lidos Urbanos 2015 Villarrobledo<\/a><\/li>\n<\/ul>\n","protected":false},"excerpt":{"rendered":"<p>Aqu\u00ed podr\u00e1 encontrar la informaci\u00f3n sobre las tarifas en vigor publicadas y que son de aplicaci\u00f3n en su actual factura. Tarifas Agua y Saneamiento 2016 Villarrobledo Tarifas Recogida de Residuos S\u00f3lidos Urbanos 2015 Villarrobledo<\/p>\n","protected":false},"author":2,"featured_media":0,"parent":0,"menu_order":0,"comment_status":"open","ping_status":"closed","template":"","meta":{"footnotes":""},"class_list":["post-89","page","type-page","status-publish","hentry"],"_links":{"self":[{"href":"https:\/\/villarrobledo.gestagua.es\/index.php\/wp-json\/wp\/v2\/pages\/89","targetHints":{"allow":["GET"]}}],"collection":[{"href":"https:\/\/villarrobledo.gestagua.es\/index.php\/wp-json\/wp\/v2\/pages"}],"about":[{"href":"https:\/\/villarrobledo.gestagua.es\/index.php\/wp-json\/wp\/v2\/types\/page"}],"author":[{"embeddable":true,"href":"https:\/\/villarrobledo.gestagua.es\/index.php\/wp-json\/wp\/v2\/users\/2"}],"replies":[{"embeddable":true,"href":"https:\/\/villarrobledo.gestagua.es\/index.php\/wp-json\/wp\/v2\/comments?post=89"}],"version-history":[{"count":6,"href":"https:\/\/villarrobledo.gestagua.es\/index.php\/wp-json\/wp\/v2\/pages\/89\/revisions"}],"predecessor-version":[{"id":347,"href":"https:\/\/villarrobledo.gestagua.es\/index.php\/wp-json\/wp\/v2\/pages\/89\/revisions\/347"}],"wp:attachment":[{"href":"https:\/\/villarrobledo.gestagua.es\/index.php\/wp-json\/wp\/v2\/media?parent=89"}],"curies":[{"name":"wp","href":"https:\/\/api.w.org\/{rel}","templated":true}]}}