{"id":99,"date":"2013-10-01T07:32:00","date_gmt":"2013-10-01T07:32:00","guid":{"rendered":"http:\/\/villarrobledo.gestagua.es\/?page_id=99"},"modified":"2022-11-24T15:31:25","modified_gmt":"2022-11-24T15:31:25","slug":"tramites-e-impresos","status":"publish","type":"page","link":"https:\/\/villarrobledo.gestagua.es\/index.php\/tramites-e-impresos\/","title":{"rendered":"Tr\u00e1mites e Impresos"},"content":{"rendered":"<p style=\"text-align: justify;\">Aqu\u00ed podr\u00e1 encontrar informaci\u00f3n sobre el procedimiento, la documentaci\u00f3n necesaria para poder realizar un alta, un cambio de titularidad o una baja del contrato de suministro.<\/p>\n<ul style=\"padding-left: 30px; text-align: justify;\">\n<li class=\"lista1\">Altas de Acometida: Para solicitar el alta de acometida debe seguir y cumplimentar el documento de alta de acometida junto con la documentaci\u00f3n necesaria que se detalla en: <a title=\"Tramite Alta Acometida\" href=\"https:\/\/villarrobledo.gestagua.es\/wp-content\/uploads\/2013\/09\/Tramite-Alta-Acometida-Villarrobledo.pdf\" target=\"_blank\" rel=\"noopener\">Tramite Alta Acometida<\/a>.<\/li>\n<\/ul>\n<ul style=\"padding-left: 30px; text-align: justify;\">\n<li class=\"lista1\">Alta de Suministro: Para solicitar el alta de suminsitro debe seguir y cumplimentar el documento de alta de suminstro junto con la documentaci\u00f3n necesaria que se detalla en: Tr\u00e1mite e Impreso de Alta de Suministro: <a href=\"https:\/\/villarrobledo.gestagua.es\/wp-content\/uploads\/2013\/09\/Tramite-Alta-Suministro-Villarrobledo.pdf\" target=\"_blank\" rel=\"noopener\">Tramite de Alta de Suministro<\/a><\/li>\n<\/ul>\n<ul style=\"padding-left: 30px;\">\n<li class=\"lista1\" style=\"text-align: justify;\">Bajas del Servicio: Para solicitar la baja de suministro debe seguir y cumplimentar el documento de baja de suministro junto con la documentaci\u00f3n necesaria que se detalla en: <a title=\"Tramite de Baja de Servicio\" href=\"https:\/\/villarrobledo.gestagua.es\/wp-content\/uploads\/2013\/09\/Tramite-Baja-Villarrobledo.pdf\" target=\"_blank\" rel=\"noopener\">Tr\u00e1mite Bajas de Servicio<\/a>.<\/li>\n<\/ul>\n","protected":false},"excerpt":{"rendered":"<p>Aqu\u00ed podr\u00e1 encontrar informaci\u00f3n sobre el procedimiento, la documentaci\u00f3n necesaria para poder realizar un alta, un cambio de titularidad o una baja del contrato de suministro. Altas de Acometida: Para solicitar el alta de acometida debe seguir y cumplimentar el documento de alta de acometida junto con la documentaci\u00f3n necesaria que se detalla en: Tramite [&hellip;]<\/p>\n","protected":false},"author":2,"featured_media":0,"parent":0,"menu_order":0,"comment_status":"open","ping_status":"closed","template":"","meta":{"footnotes":""},"class_list":["post-99","page","type-page","status-publish","hentry"],"_links":{"self":[{"href":"https:\/\/villarrobledo.gestagua.es\/index.php\/wp-json\/wp\/v2\/pages\/99","targetHints":{"allow":["GET"]}}],"collection":[{"href":"https:\/\/villarrobledo.gestagua.es\/index.php\/wp-json\/wp\/v2\/pages"}],"about":[{"href":"https:\/\/villarrobledo.gestagua.es\/index.php\/wp-json\/wp\/v2\/types\/page"}],"author":[{"embeddable":true,"href":"https:\/\/villarrobledo.gestagua.es\/index.php\/wp-json\/wp\/v2\/users\/2"}],"replies":[{"embeddable":true,"href":"https:\/\/villarrobledo.gestagua.es\/index.php\/wp-json\/wp\/v2\/comments?post=99"}],"version-history":[{"count":7,"href":"https:\/\/villarrobledo.gestagua.es\/index.php\/wp-json\/wp\/v2\/pages\/99\/revisions"}],"predecessor-version":[{"id":394,"href":"https:\/\/villarrobledo.gestagua.es\/index.php\/wp-json\/wp\/v2\/pages\/99\/revisions\/394"}],"wp:attachment":[{"href":"https:\/\/villarrobledo.gestagua.es\/index.php\/wp-json\/wp\/v2\/media?parent=99"}],"curies":[{"name":"wp","href":"https:\/\/api.w.org\/{rel}","templated":true}]}}